{"id":7701,"date":"2022-11-13T01:08:37","date_gmt":"2022-11-13T01:08:37","guid":{"rendered":"https:\/\/casameza.bi\/?page_id=7701"},"modified":"2022-11-14T18:31:14","modified_gmt":"2022-11-14T18:31:14","slug":"youth-development","status":"publish","type":"page","link":"https:\/\/casameza.biz\/fr\/youth-development\/","title":{"rendered":"D\u00e9veloppement de la Jeunesse"},"content":{"rendered":"<div data-elementor-type=\"wp-page\" data-elementor-id=\"7701\" class=\"elementor elementor-7701\">\n\t\t\t\t\t\t<section class=\"elementor-section elementor-top-section elementor-element elementor-element-75f5ccf elementor-section-height-min-height elementor-section-full_width elementor-section-stretched elementor-section-height-default elementor-section-items-middle\" data-id=\"75f5ccf\" data-element_type=\"section\" data-e-type=\"section\" data-settings=\"{&quot;background_background&quot;:&quot;classic&quot;,&quot;stretch_section&quot;:&quot;section-stretched&quot;}\">\n\t\t\t\t\t\t\t<div class=\"elementor-background-overlay\"><\/div>\n\t\t\t\t\t\t\t<div class=\"elementor-container elementor-column-gap-default\">\n\t\t\t\t\t<div class=\"elementor-column elementor-col-100 elementor-top-column elementor-element elementor-element-693a358\" data-id=\"693a358\" data-element_type=\"column\" data-e-type=\"column\">\n\t\t\t<div class=\"elementor-widget-wrap elementor-element-populated\">\n\t\t\t\t\t\t<div class=\"elementor-element elementor-element-53e2ff3 elementor-widget elementor-widget-heading\" data-id=\"53e2ff3\" data-element_type=\"widget\" data-e-type=\"widget\" data-widget_type=\"heading.default\">\n\t\t\t\t<div class=\"elementor-widget-container\">\n\t\t\t\t\t<h2 class=\"elementor-heading-title elementor-size-xxl\">D\u00e9veloppement de la Jeunesse<\/h2>\t\t\t\t<\/div>\n\t\t\t\t<\/div>\n\t\t\t\t<div class=\"elementor-element elementor-element-b9efa51 elementor-widget elementor-widget-heading\" data-id=\"b9efa51\" data-element_type=\"widget\" data-e-type=\"widget\" data-widget_type=\"heading.default\">\n\t\t\t\t<div class=\"elementor-widget-container\">\n\t\t\t\t\t<h3 class=\"elementor-heading-title elementor-size-xl\">Connecter les secteurs priv\u00e9, public et du d\u00e9veloppement<\/h3>\t\t\t\t<\/div>\n\t\t\t\t<\/div>\n\t\t\t\t\t<\/div>\n\t\t<\/div>\n\t\t\t\t\t<\/div>\n\t\t<\/section>\n\t\t\t\t<section class=\"elementor-section elementor-top-section elementor-element elementor-element-4fc45ec elementor-section-full_width elementor-section-height-default elementor-section-height-default elementor-invisible\" data-id=\"4fc45ec\" data-element_type=\"section\" data-e-type=\"section\" data-settings=\"{&quot;animation&quot;:&quot;fadeInDown&quot;}\">\n\t\t\t\t\t\t<div class=\"elementor-container elementor-column-gap-default\">\n\t\t\t\t\t<div class=\"elementor-column elementor-col-33 elementor-top-column elementor-element elementor-element-003d06d\" data-id=\"003d06d\" data-element_type=\"column\" data-e-type=\"column\">\n\t\t\t<div class=\"elementor-widget-wrap elementor-element-populated\">\n\t\t\t\t\t\t<div class=\"elementor-element elementor-element-7186059 elementor-invisible elementor-widget elementor-widget-image\" data-id=\"7186059\" data-element_type=\"widget\" data-e-type=\"widget\" data-settings=\"{&quot;_animation&quot;:&quot;fadeInUp&quot;}\" data-widget_type=\"image.default\">\n\t\t\t\t<div class=\"elementor-widget-container\">\n\t\t\t\t\t\t\t\t\t\t\t\t\t\t\t<img fetchpriority=\"high\" decoding=\"async\" width=\"980\" height=\"654\" src=\"https:\/\/i0.wp.com\/casameza.biz\/wp-content\/uploads\/Youth-Unemploymnet.jpg?fit=980%2C654&amp;ssl=1\" class=\"attachment-large size-large wp-image-8315\" alt=\"\" srcset=\"https:\/\/i0.wp.com\/casameza.biz\/wp-content\/uploads\/Youth-Unemploymnet.jpg?w=1600&amp;ssl=1 1600w, https:\/\/i0.wp.com\/casameza.biz\/wp-content\/uploads\/Youth-Unemploymnet.jpg?resize=300%2C200&amp;ssl=1 300w, https:\/\/i0.wp.com\/casameza.biz\/wp-content\/uploads\/Youth-Unemploymnet.jpg?resize=1024%2C683&amp;ssl=1 1024w, https:\/\/i0.wp.com\/casameza.biz\/wp-content\/uploads\/Youth-Unemploymnet.jpg?resize=150%2C100&amp;ssl=1 150w, https:\/\/i0.wp.com\/casameza.biz\/wp-content\/uploads\/Youth-Unemploymnet.jpg?resize=768%2C512&amp;ssl=1 768w, https:\/\/i0.wp.com\/casameza.biz\/wp-content\/uploads\/Youth-Unemploymnet.jpg?resize=1536%2C1024&amp;ssl=1 1536w, https:\/\/i0.wp.com\/casameza.biz\/wp-content\/uploads\/Youth-Unemploymnet.jpg?resize=18%2C12&amp;ssl=1 18w\" sizes=\"(max-width: 980px) 100vw, 980px\" \/>\t\t\t\t\t\t\t\t\t\t\t\t\t\t\t<\/div>\n\t\t\t\t<\/div>\n\t\t\t\t\t<\/div>\n\t\t<\/div>\n\t\t\t\t<div class=\"elementor-column elementor-col-66 elementor-top-column elementor-element elementor-element-008175b\" data-id=\"008175b\" data-element_type=\"column\" data-e-type=\"column\">\n\t\t\t<div class=\"elementor-widget-wrap elementor-element-populated\">\n\t\t\t\t\t\t<div class=\"elementor-element elementor-element-2987ec5 elementor-widget elementor-widget-heading\" data-id=\"2987ec5\" data-element_type=\"widget\" data-e-type=\"widget\" data-widget_type=\"heading.default\">\n\t\t\t\t<div class=\"elementor-widget-container\">\n\t\t\t\t\t<h3 class=\"elementor-heading-title elementor-size-default\">L&#039;emploi des jeunes est un d\u00e9fi majeur en Afrique<\/h3>\t\t\t\t<\/div>\n\t\t\t\t<\/div>\n\t\t\t\t<div class=\"elementor-element elementor-element-843cf5c elementor-widget elementor-widget-text-editor\" data-id=\"843cf5c\" data-element_type=\"widget\" data-e-type=\"widget\" data-widget_type=\"text-editor.default\">\n\t\t\t\t<div class=\"elementor-widget-container\">\n\t\t\t\t\t\t\t\t\t<p><span style=\"font-weight: 400;\">Il y a plus de jeunes qui arrivent sur le march\u00e9 du travail mais il n&#039;y a pas assez d&#039;emplois disponibles pour eux, dans les secteurs formel et informel.<\/span><\/p><p><span style=\"font-weight: 400;\">Le secteur informel repr\u00e9sente une part plus \u00e9lev\u00e9e des emplois en Afrique, les nouvelles entreprises fournissant la majorit\u00e9 des emplois g\u00e9n\u00e9r\u00e9s.<\/span><\/p>\t\t\t\t\t\t\t\t<\/div>\n\t\t\t\t<\/div>\n\t\t\t\t\t<\/div>\n\t\t<\/div>\n\t\t\t\t\t<\/div>\n\t\t<\/section>\n\t\t\t\t<section class=\"elementor-section elementor-top-section elementor-element elementor-element-e5e7e9a elementor-section-full_width elementor-section-height-min-height elementor-section-stretched elementor-section-height-default elementor-section-items-middle elementor-invisible\" data-id=\"e5e7e9a\" data-element_type=\"section\" data-e-type=\"section\" data-settings=\"{&quot;stretch_section&quot;:&quot;section-stretched&quot;,&quot;animation&quot;:&quot;fadeInDown&quot;}\">\n\t\t\t\t\t\t<div class=\"elementor-container elementor-column-gap-default\">\n\t\t\t\t\t<div class=\"elementor-column elementor-col-100 elementor-top-column elementor-element elementor-element-386d1cb\" data-id=\"386d1cb\" data-element_type=\"column\" data-e-type=\"column\">\n\t\t\t<div class=\"elementor-widget-wrap elementor-element-populated\">\n\t\t\t\t\t\t<div class=\"elementor-element elementor-element-2a25a0f elementor-widget elementor-widget-image\" data-id=\"2a25a0f\" data-element_type=\"widget\" data-e-type=\"widget\" data-widget_type=\"image.default\">\n\t\t\t\t<div class=\"elementor-widget-container\">\n\t\t\t\t\t\t\t\t\t\t\t\t\t\t\t<img decoding=\"async\" width=\"980\" height=\"529\" src=\"https:\/\/i0.wp.com\/casameza.biz\/wp-content\/uploads\/Casameza_Business_Youth-43.png?fit=980%2C529&amp;ssl=1\" class=\"attachment-large size-large wp-image-8331\" alt=\"\" srcset=\"https:\/\/i0.wp.com\/casameza.biz\/wp-content\/uploads\/Casameza_Business_Youth-43.png?w=1388&amp;ssl=1 1388w, https:\/\/i0.wp.com\/casameza.biz\/wp-content\/uploads\/Casameza_Business_Youth-43.png?resize=300%2C162&amp;ssl=1 300w, https:\/\/i0.wp.com\/casameza.biz\/wp-content\/uploads\/Casameza_Business_Youth-43.png?resize=1024%2C553&amp;ssl=1 1024w, https:\/\/i0.wp.com\/casameza.biz\/wp-content\/uploads\/Casameza_Business_Youth-43.png?resize=150%2C81&amp;ssl=1 150w, https:\/\/i0.wp.com\/casameza.biz\/wp-content\/uploads\/Casameza_Business_Youth-43.png?resize=768%2C415&amp;ssl=1 768w, https:\/\/i0.wp.com\/casameza.biz\/wp-content\/uploads\/Casameza_Business_Youth-43.png?resize=18%2C10&amp;ssl=1 18w\" sizes=\"(max-width: 980px) 100vw, 980px\" \/>\t\t\t\t\t\t\t\t\t\t\t\t\t\t\t<\/div>\n\t\t\t\t<\/div>\n\t\t\t\t\t<\/div>\n\t\t<\/div>\n\t\t\t\t\t<\/div>\n\t\t<\/section>\n\t\t\t\t<section class=\"elementor-section elementor-top-section elementor-element elementor-element-70d6a41 elementor-section-full_width elementor-section-height-default elementor-section-height-default elementor-invisible\" data-id=\"70d6a41\" data-element_type=\"section\" data-e-type=\"section\" data-settings=\"{&quot;animation&quot;:&quot;fadeInDown&quot;}\">\n\t\t\t\t\t\t<div class=\"elementor-container elementor-column-gap-default\">\n\t\t\t\t\t<div class=\"elementor-column elementor-col-33 elementor-top-column elementor-element elementor-element-280a2d5\" data-id=\"280a2d5\" data-element_type=\"column\" data-e-type=\"column\">\n\t\t\t<div class=\"elementor-widget-wrap elementor-element-populated\">\n\t\t\t\t\t\t<div class=\"elementor-element elementor-element-d4af391 elementor-invisible elementor-widget elementor-widget-image\" data-id=\"d4af391\" data-element_type=\"widget\" data-e-type=\"widget\" data-settings=\"{&quot;_animation&quot;:&quot;fadeInUp&quot;}\" data-widget_type=\"image.default\">\n\t\t\t\t<div class=\"elementor-widget-container\">\n\t\t\t\t\t\t\t\t\t\t\t\t\t\t\t<img decoding=\"async\" width=\"980\" height=\"654\" src=\"https:\/\/i0.wp.com\/casameza.biz\/wp-content\/uploads\/Bankruptcy.jpg?fit=980%2C654&amp;ssl=1\" class=\"attachment-large size-large wp-image-8341\" alt=\"\" srcset=\"https:\/\/i0.wp.com\/casameza.biz\/wp-content\/uploads\/Bankruptcy.jpg?w=1600&amp;ssl=1 1600w, https:\/\/i0.wp.com\/casameza.biz\/wp-content\/uploads\/Bankruptcy.jpg?resize=300%2C200&amp;ssl=1 300w, https:\/\/i0.wp.com\/casameza.biz\/wp-content\/uploads\/Bankruptcy.jpg?resize=1024%2C683&amp;ssl=1 1024w, https:\/\/i0.wp.com\/casameza.biz\/wp-content\/uploads\/Bankruptcy.jpg?resize=150%2C100&amp;ssl=1 150w, https:\/\/i0.wp.com\/casameza.biz\/wp-content\/uploads\/Bankruptcy.jpg?resize=768%2C512&amp;ssl=1 768w, https:\/\/i0.wp.com\/casameza.biz\/wp-content\/uploads\/Bankruptcy.jpg?resize=1536%2C1024&amp;ssl=1 1536w, https:\/\/i0.wp.com\/casameza.biz\/wp-content\/uploads\/Bankruptcy.jpg?resize=18%2C12&amp;ssl=1 18w\" sizes=\"(max-width: 980px) 100vw, 980px\" \/>\t\t\t\t\t\t\t\t\t\t\t\t\t\t\t<\/div>\n\t\t\t\t<\/div>\n\t\t\t\t\t<\/div>\n\t\t<\/div>\n\t\t\t\t<div class=\"elementor-column elementor-col-66 elementor-top-column elementor-element elementor-element-80adeaf\" data-id=\"80adeaf\" data-element_type=\"column\" data-e-type=\"column\">\n\t\t\t<div class=\"elementor-widget-wrap elementor-element-populated\">\n\t\t\t\t\t\t<div class=\"elementor-element elementor-element-5dc1a81 elementor-widget elementor-widget-heading\" data-id=\"5dc1a81\" data-element_type=\"widget\" data-e-type=\"widget\" data-widget_type=\"heading.default\">\n\t\t\t\t<div class=\"elementor-widget-container\">\n\t\t\t\t\t<h3 class=\"elementor-heading-title elementor-size-default\">Deux tiers des entreprises \u00e9chouent dans la 1\u00e8re ann\u00e9e<\/h3>\t\t\t\t<\/div>\n\t\t\t\t<\/div>\n\t\t\t\t<div class=\"elementor-element elementor-element-a27a5af elementor-widget elementor-widget-text-editor\" data-id=\"a27a5af\" data-element_type=\"widget\" data-e-type=\"widget\" data-widget_type=\"text-editor.default\">\n\t\t\t\t<div class=\"elementor-widget-container\">\n\t\t\t\t\t\t\t\t\t<p><strong>Cependant, plus de 2 tiers des entreprises \u00e9chouent dans la 1\u00e8re ann\u00e9e, entra\u00eenant des pertes d&#039;emplois dues \u00e0 :<\/strong><\/p>\t\t\t\t\t\t\t\t<\/div>\n\t\t\t\t<\/div>\n\t\t\t\t<div class=\"elementor-element elementor-element-95beb4a elementor-widget elementor-widget-text-editor\" data-id=\"95beb4a\" data-element_type=\"widget\" data-e-type=\"widget\" data-widget_type=\"text-editor.default\">\n\t\t\t\t<div class=\"elementor-widget-container\">\n\t\t\t\t\t\t\t\t\t<ol><li>Comp\u00e9tences manag\u00e9riales insuffisantes<\/li><li>Manque de comp\u00e9tences techniques certifi\u00e9es<\/li><li>Les machines n\u00e9cessaires au secteur informel sont inabordables<\/li><li>Un capital de d\u00e9part insuffisant<\/li><li>Fonds de roulement limit\u00e9<\/li><\/ol>\t\t\t\t\t\t\t\t<\/div>\n\t\t\t\t<\/div>\n\t\t\t\t\t<\/div>\n\t\t<\/div>\n\t\t\t\t\t<\/div>\n\t\t<\/section>\n\t\t\t\t<section class=\"elementor-section elementor-top-section elementor-element elementor-element-5fe99f4 elementor-section-boxed elementor-section-height-default elementor-section-height-default elementor-invisible\" data-id=\"5fe99f4\" data-element_type=\"section\" data-e-type=\"section\" data-settings=\"{&quot;animation&quot;:&quot;fadeInUp&quot;}\">\n\t\t\t\t\t\t<div class=\"elementor-container elementor-column-gap-default\">\n\t\t\t\t\t<div class=\"elementor-column elementor-col-100 elementor-top-column elementor-element elementor-element-459f105\" data-id=\"459f105\" data-element_type=\"column\" data-e-type=\"column\">\n\t\t\t<div class=\"elementor-widget-wrap elementor-element-populated\">\n\t\t\t\t\t\t<div class=\"elementor-element elementor-element-1be69c8 elementor-widget elementor-widget-image\" data-id=\"1be69c8\" data-element_type=\"widget\" data-e-type=\"widget\" data-widget_type=\"image.default\">\n\t\t\t\t<div class=\"elementor-widget-container\">\n\t\t\t\t\t\t\t\t\t\t\t\t\t\t\t<img loading=\"lazy\" decoding=\"async\" width=\"980\" height=\"516\" src=\"https:\/\/i0.wp.com\/casameza.biz\/wp-content\/uploads\/Casameza_Business_Youth-44.png?fit=980%2C516&amp;ssl=1\" class=\"attachment-large size-large wp-image-8352\" alt=\"\" srcset=\"https:\/\/i0.wp.com\/casameza.biz\/wp-content\/uploads\/Casameza_Business_Youth-44.png?w=1416&amp;ssl=1 1416w, https:\/\/i0.wp.com\/casameza.biz\/wp-content\/uploads\/Casameza_Business_Youth-44.png?resize=300%2C158&amp;ssl=1 300w, https:\/\/i0.wp.com\/casameza.biz\/wp-content\/uploads\/Casameza_Business_Youth-44.png?resize=1024%2C539&amp;ssl=1 1024w, https:\/\/i0.wp.com\/casameza.biz\/wp-content\/uploads\/Casameza_Business_Youth-44.png?resize=150%2C79&amp;ssl=1 150w, https:\/\/i0.wp.com\/casameza.biz\/wp-content\/uploads\/Casameza_Business_Youth-44.png?resize=768%2C405&amp;ssl=1 768w, https:\/\/i0.wp.com\/casameza.biz\/wp-content\/uploads\/Casameza_Business_Youth-44.png?resize=18%2C9&amp;ssl=1 18w\" sizes=\"(max-width: 980px) 100vw, 980px\" \/>\t\t\t\t\t\t\t\t\t\t\t\t\t\t\t<\/div>\n\t\t\t\t<\/div>\n\t\t\t\t\t<\/div>\n\t\t<\/div>\n\t\t\t\t\t<\/div>\n\t\t<\/section>\n\t\t\t\t<section class=\"elementor-section elementor-top-section elementor-element elementor-element-0a6153e elementor-section-height-min-height elementor-section-full_width elementor-section-stretched elementor-section-height-default elementor-section-items-middle elementor-invisible\" data-id=\"0a6153e\" data-element_type=\"section\" data-e-type=\"section\" data-settings=\"{&quot;background_background&quot;:&quot;classic&quot;,&quot;animation&quot;:&quot;fadeInDown&quot;,&quot;stretch_section&quot;:&quot;section-stretched&quot;}\">\n\t\t\t\t\t\t<div class=\"elementor-container elementor-column-gap-default\">\n\t\t\t\t\t<div class=\"elementor-column elementor-col-100 elementor-top-column elementor-element elementor-element-b59348a\" data-id=\"b59348a\" data-element_type=\"column\" data-e-type=\"column\">\n\t\t\t<div class=\"elementor-widget-wrap elementor-element-populated\">\n\t\t\t\t\t\t<div class=\"elementor-element elementor-element-eb0d91a elementor-widget elementor-widget-heading\" data-id=\"eb0d91a\" data-element_type=\"widget\" data-e-type=\"widget\" data-widget_type=\"heading.default\">\n\t\t\t\t<div class=\"elementor-widget-container\">\n\t\t\t\t\t<h2 class=\"elementor-heading-title elementor-size-xl\">Casameza en partenariat avec AJW Africa<\/h2>\t\t\t\t<\/div>\n\t\t\t\t<\/div>\n\t\t\t\t<section class=\"elementor-section elementor-inner-section elementor-element elementor-element-d2fe2b4 elementor-section-boxed elementor-section-height-default elementor-section-height-default\" data-id=\"d2fe2b4\" data-element_type=\"section\" data-e-type=\"section\">\n\t\t\t\t\t\t<div class=\"elementor-container elementor-column-gap-default\">\n\t\t\t\t\t<div class=\"elementor-column elementor-col-33 elementor-inner-column elementor-element elementor-element-347ad7a\" data-id=\"347ad7a\" data-element_type=\"column\" data-e-type=\"column\">\n\t\t\t<div class=\"elementor-widget-wrap elementor-element-populated\">\n\t\t\t\t\t\t<div class=\"elementor-element elementor-element-72af94e elementor-invisible elementor-widget elementor-widget-image\" data-id=\"72af94e\" data-element_type=\"widget\" data-e-type=\"widget\" data-settings=\"{&quot;_animation&quot;:&quot;fadeInLeft&quot;}\" data-widget_type=\"image.default\">\n\t\t\t\t<div class=\"elementor-widget-container\">\n\t\t\t\t\t\t\t\t\t\t\t\t\t\t\t<img loading=\"lazy\" decoding=\"async\" width=\"980\" height=\"980\" src=\"https:\/\/i0.wp.com\/casameza.biz\/wp-content\/uploads\/Casameza-Home-Youth-Development.png?fit=980%2C980&amp;ssl=1\" class=\"attachment-large size-large wp-image-7909\" alt=\"\" srcset=\"https:\/\/i0.wp.com\/casameza.biz\/wp-content\/uploads\/Casameza-Home-Youth-Development.png?w=1600&amp;ssl=1 1600w, https:\/\/i0.wp.com\/casameza.biz\/wp-content\/uploads\/Casameza-Home-Youth-Development.png?resize=300%2C300&amp;ssl=1 300w, https:\/\/i0.wp.com\/casameza.biz\/wp-content\/uploads\/Casameza-Home-Youth-Development.png?resize=1024%2C1024&amp;ssl=1 1024w, https:\/\/i0.wp.com\/casameza.biz\/wp-content\/uploads\/Casameza-Home-Youth-Development.png?resize=150%2C150&amp;ssl=1 150w, https:\/\/i0.wp.com\/casameza.biz\/wp-content\/uploads\/Casameza-Home-Youth-Development.png?resize=768%2C768&amp;ssl=1 768w, https:\/\/i0.wp.com\/casameza.biz\/wp-content\/uploads\/Casameza-Home-Youth-Development.png?resize=1536%2C1536&amp;ssl=1 1536w, https:\/\/i0.wp.com\/casameza.biz\/wp-content\/uploads\/Casameza-Home-Youth-Development.png?resize=12%2C12&amp;ssl=1 12w, https:\/\/i0.wp.com\/casameza.biz\/wp-content\/uploads\/Casameza-Home-Youth-Development.png?resize=500%2C500&amp;ssl=1 500w\" sizes=\"(max-width: 980px) 100vw, 980px\" \/>\t\t\t\t\t\t\t\t\t\t\t\t\t\t\t<\/div>\n\t\t\t\t<\/div>\n\t\t\t\t\t<\/div>\n\t\t<\/div>\n\t\t\t\t<div class=\"elementor-column elementor-col-66 elementor-inner-column elementor-element elementor-element-e2230a3\" data-id=\"e2230a3\" data-element_type=\"column\" data-e-type=\"column\">\n\t\t\t<div class=\"elementor-widget-wrap elementor-element-populated\">\n\t\t\t\t\t\t<div class=\"elementor-element elementor-element-cfb084b elementor-widget elementor-widget-text-editor\" data-id=\"cfb084b\" data-element_type=\"widget\" data-e-type=\"widget\" data-widget_type=\"text-editor.default\">\n\t\t\t\t<div class=\"elementor-widget-container\">\n\t\t\t\t\t\t\t\t\t<p><span style=\"font-weight: 400;\">Casameza a un programme dynamique qui cherche \u00e0 relier le secteur priv\u00e9, le secteur gouvernemental et le secteur du d\u00e9veloppement, afin de promouvoir la cr\u00e9ation d&#039;emplois et de richesses pour les jeunes en utilisant le mod\u00e8le d&#039;initiative de valeur partag\u00e9e.<\/span><\/p><p><span style=\"font-weight: 400;\">AJW travaille avec des entreprises et des partenaires de d\u00e9veloppement pour cr\u00e9er des moyens de subsistance durables au sein des communaut\u00e9s africaines. R\u00e9soudre ensemble les d\u00e9fis socio-\u00e9conomiques.<\/span><\/p><p><span style=\"font-weight: 400;\">Ils con\u00e7oivent et ex\u00e9cutent des programmes de valeur partag\u00e9e pour le compte de banques locales, internationales et r\u00e9gionales, d&#039;entreprises partenaires donateurs et d&#039;autres institutions cherchant \u00e0 cr\u00e9er des moyens de subsistance durables en Afrique, tout en r\u00e9alisant un impact commercial et social de grande envergure dans divers secteurs.<\/span><\/p>\t\t\t\t\t\t\t\t<\/div>\n\t\t\t\t<\/div>\n\t\t\t\t\t<\/div>\n\t\t<\/div>\n\t\t\t\t\t<\/div>\n\t\t<\/section>\n\t\t\t\t\t<\/div>\n\t\t<\/div>\n\t\t\t\t\t<\/div>\n\t\t<\/section>\n\t\t\t\t<\/div>","protected":false},"excerpt":{"rendered":"<p>Youth Development Connecting the private, public and development sectors Youth Employment is a major challenge in Africa There are more youth joining the labor market yet there aren\u2019t enough jobs available for them, in both the formal and informal sectors. The informal sector accounts for a higher portion of jobs in Africa with new enterprises [&hellip;]<\/p>\n","protected":false},"author":1,"featured_media":0,"parent":0,"menu_order":0,"comment_status":"closed","ping_status":"closed","template":"","meta":{"inline_featured_image":false,"_monsterinsights_skip_tracking":false,"_monsterinsights_sitenote_active":false,"_monsterinsights_sitenote_note":"","_monsterinsights_sitenote_category":0,"footnotes":""},"class_list":["post-7701","page","type-page","status-publish","hentry"],"aioseo_notices":[],"jetpack_sharing_enabled":true,"_links":{"self":[{"href":"https:\/\/casameza.biz\/fr\/wp-json\/wp\/v2\/pages\/7701","targetHints":{"allow":["GET"]}}],"collection":[{"href":"https:\/\/casameza.biz\/fr\/wp-json\/wp\/v2\/pages"}],"about":[{"href":"https:\/\/casameza.biz\/fr\/wp-json\/wp\/v2\/types\/page"}],"author":[{"embeddable":true,"href":"https:\/\/casameza.biz\/fr\/wp-json\/wp\/v2\/users\/1"}],"replies":[{"embeddable":true,"href":"https:\/\/casameza.biz\/fr\/wp-json\/wp\/v2\/comments?post=7701"}],"version-history":[{"count":82,"href":"https:\/\/casameza.biz\/fr\/wp-json\/wp\/v2\/pages\/7701\/revisions"}],"predecessor-version":[{"id":8387,"href":"https:\/\/casameza.biz\/fr\/wp-json\/wp\/v2\/pages\/7701\/revisions\/8387"}],"wp:attachment":[{"href":"https:\/\/casameza.biz\/fr\/wp-json\/wp\/v2\/media?parent=7701"}],"curies":[{"name":"wp","href":"https:\/\/api.w.org\/{rel}","templated":true}]}}