{"id":3,"date":"2022-09-14T06:01:29","date_gmt":"2022-09-14T06:01:29","guid":{"rendered":"https:\/\/casameza.bi\/?page_id=3"},"modified":"2022-10-05T18:17:14","modified_gmt":"2022-10-05T18:17:14","slug":"privacy-policy","status":"publish","type":"page","link":"https:\/\/casameza.biz\/fr\/legal\/privacy-policy\/","title":{"rendered":"Politique de confidentialit\u00e9"},"content":{"rendered":"<h1>Politique de confidentialit\u00e9 de Casameza Burundi<\/h1>\n<p>Chez Casameza Burundi, accessible depuis https:\/\/www.casameza.bi, l&#039;une de nos principales priorit\u00e9s est la confidentialit\u00e9 de nos visiteurs. Ce document de politique de confidentialit\u00e9 contient des types d&#039;informations qui sont collect\u00e9es et enregistr\u00e9es par Casameza Burundi et comment nous les utilisons.<\/p>\n<p>Si vous avez des questions suppl\u00e9mentaires ou souhaitez plus d&#039;informations sur notre politique de confidentialit\u00e9, n&#039;h\u00e9sitez pas \u00e0 nous contacter.<\/p>\n<h2>Fichiers journaux<\/h2>\n<p>Casameza Burundi follows a standard procedure of using log files. These files log visitors when they visit websites. All hosting companies do this and a part of hosting services\u2019 analytics. The information collected by log files include internet protocol (IP) addresses, browser type, Internet Service Provider (ISP), date and time stamp, referring\/exit pages, and possibly the number of clicks. These are not linked to any information that is personally identifiable. The purpose of the information is for analyzing trends, administering the site, tracking users\u2019 movement on the website, and gathering demographic information. Our Privacy Policy was created with the help of the\u00a0<a href=\"https:\/\/www.privacypolicygenerator.org\/\">G\u00e9n\u00e9rateur de politique de confidentialit\u00e9<\/a>.<\/p>\n<h2>Cookies et balises Web<\/h2>\n<p>Like any other website, Casameza Burundi uses \u2018cookies\u2019. These cookies are used to store information including visitors\u2019 preferences, and the pages on the website that the visitor accessed or visited. The information is used to optimize the users\u2019 experience by customizing our web page content based on visitors\u2019 browser type and\/or other information.<\/p>\n<h2>Cookie Google DoubleClick DART<\/h2>\n<p>Google est l&#039;un des fournisseurs tiers de notre site. Il utilise \u00e9galement des cookies, connus sous le nom de cookies DART, pour diffuser des annonces aux visiteurs de notre site en fonction de leur visite sur www.website.com et d&#039;autres sites sur Internet. Cependant, les visiteurs peuvent choisir de refuser l&#039;utilisation des cookies DART en visitant la politique de confidentialit\u00e9 du r\u00e9seau publicitaire et de contenu de Google \u00e0 l&#039;URL suivante -\u00a0<a href=\"https:\/\/policies.google.com\/technologies\/ads\">https:\/\/policies.google.com\/technologies\/ads<\/a><\/p>\n<h2>Nos partenaires publicitaires<\/h2>\n<p>Certains annonceurs de notre site peuvent utiliser des cookies et des balises Web. Nos partenaires publicitaires sont list\u00e9s ci-dessous. Chacun de nos partenaires publicitaires a sa propre politique de confidentialit\u00e9 pour ses politiques sur les donn\u00e9es des utilisateurs. Pour un acc\u00e8s plus facile, nous avons \u00e9tabli un lien hypertexte vers leurs politiques de confidentialit\u00e9 ci-dessous.<\/p>\n<ul>\n<li>\n<p>Google<\/p>\n<p><a href=\"https:\/\/policies.google.com\/technologies\/ads\">https:\/\/policies.google.com\/technologies\/ads<\/a><\/p>\n<\/li>\n<\/ul>\n<h2>Les politiques de confidentialit\u00e9<\/h2>\n<p>Vous pouvez consulter cette liste pour trouver la politique de confidentialit\u00e9 de chacun des partenaires publicitaires de Casameza Burundi.<\/p>\n<p>Third-party ad servers or ad networks uses technologies like cookies, JavaScript, or Web Beacons that are used in their respective advertisements and links that appear on Casameza Burundi, which are sent directly to users\u2019 browser. They automatically receive your IP address when this occurs. These technologies are used to measure the effectiveness of their advertising campaigns and\/or to personalize the advertising content that you see on websites that you visit.<\/p>\n<p>Notez que Casameza Burundi n&#039;a aucun acc\u00e8s ni aucun contr\u00f4le sur ces cookies qui sont utilis\u00e9s par des annonceurs tiers.<\/p>\n<h2>Politiques de confidentialit\u00e9 des tiers<\/h2>\n<p>Casameza Burundi\u2019s Privacy Policy does not apply to other advertisers or websites. Thus, we are advising you to consult the respective Privacy Policies of these third-party ad servers for more detailed information. It may include their practices and instructions about how to opt-out of certain options.<\/p>\n<p>You can choose to disable cookies through your individual browser options. To know more detailed information about cookie management with specific web browsers, it can be found at the browsers\u2019 respective websites.<\/p>\n<h2>Children\u2019s Information<\/h2>\n<p>Une autre partie de notre priorit\u00e9 est d&#039;ajouter une protection pour les enfants lors de l&#039;utilisation d&#039;Internet. Nous encourageons les parents et les tuteurs \u00e0 observer, participer et\/ou surveiller et guider leur activit\u00e9 en ligne.<\/p>\n<p>Casameza Burundi ne collecte sciemment aucune information personnelle identifiable aupr\u00e8s d&#039;enfants de moins de 13 ans. Si vous pensez que votre enfant a fourni ce type d&#039;informations sur notre site Web, nous vous encourageons fortement \u00e0 nous contacter imm\u00e9diatement et nous ferons de notre mieux pour le faire rapidement. supprimer ces informations de nos dossiers.<\/p>\n<h2>Politique de confidentialit\u00e9 en ligne uniquement<\/h2>\n<p>Cette politique de confidentialit\u00e9 s&#039;applique uniquement \u00e0 nos activit\u00e9s en ligne et est valable pour les visiteurs de notre site Web en ce qui concerne les informations qu&#039;ils ont partag\u00e9es et\/ou collect\u00e9es \u00e0 Casameza Burundi. Cette politique ne s&#039;applique pas aux informations collect\u00e9es hors ligne ou via des canaux autres que ce site Web.<\/p>\n<h2>Consentement<\/h2>\n<p>En utilisant notre site Web, vous consentez par la pr\u00e9sente \u00e0 notre politique de confidentialit\u00e9 et acceptez ses conditions g\u00e9n\u00e9rales.<\/p>","protected":false},"excerpt":{"rendered":"<p>Privacy Policy for Casameza Burundi At Casameza Burundi, accessible from https:\/\/www.casameza.bi, one of our main priorities is the privacy of our visitors. This Privacy Policy document contains types of information that is collected and recorded by Casameza Burundi and how we use it. If you have additional questions or require more information about our Privacy [&hellip;]<\/p>\n","protected":false},"author":1,"featured_media":0,"parent":6823,"menu_order":0,"comment_status":"closed","ping_status":"closed","template":"","meta":{"inline_featured_image":false,"_monsterinsights_skip_tracking":false,"_monsterinsights_sitenote_active":false,"_monsterinsights_sitenote_note":"","_monsterinsights_sitenote_category":0,"footnotes":""},"class_list":["post-3","page","type-page","status-publish","hentry"],"aioseo_notices":[],"jetpack_sharing_enabled":true,"_links":{"self":[{"href":"https:\/\/casameza.biz\/fr\/wp-json\/wp\/v2\/pages\/3","targetHints":{"allow":["GET"]}}],"collection":[{"href":"https:\/\/casameza.biz\/fr\/wp-json\/wp\/v2\/pages"}],"about":[{"href":"https:\/\/casameza.biz\/fr\/wp-json\/wp\/v2\/types\/page"}],"author":[{"embeddable":true,"href":"https:\/\/casameza.biz\/fr\/wp-json\/wp\/v2\/users\/1"}],"replies":[{"embeddable":true,"href":"https:\/\/casameza.biz\/fr\/wp-json\/wp\/v2\/comments?post=3"}],"version-history":[{"count":1,"href":"https:\/\/casameza.biz\/fr\/wp-json\/wp\/v2\/pages\/3\/revisions"}],"predecessor-version":[{"id":29,"href":"https:\/\/casameza.biz\/fr\/wp-json\/wp\/v2\/pages\/3\/revisions\/29"}],"up":[{"embeddable":true,"href":"https:\/\/casameza.biz\/fr\/wp-json\/wp\/v2\/pages\/6823"}],"wp:attachment":[{"href":"https:\/\/casameza.biz\/fr\/wp-json\/wp\/v2\/media?parent=3"}],"curies":[{"name":"wp","href":"https:\/\/api.w.org\/{rel}","templated":true}]}}